{"id":8,"date":"2017-04-04T14:00:42","date_gmt":"2017-04-04T14:00:42","guid":{"rendered":"http:\/\/kunstfreunde-osnabrueck.de\/?page_id=8"},"modified":"2017-04-11T13:54:37","modified_gmt":"2017-04-11T13:54:37","slug":"beitittserklaerung","status":"publish","type":"page","link":"https:\/\/kunstfreunde-osnabrueck.de\/?page_id=8","title":{"rendered":"BEITITTSERKL\u00c4RUNG"},"content":{"rendered":"<table>\n<tbody>\n<tr>\n<td><\/td>\n<td>\n<p style=\"text-align: center;\"><strong><span style=\"font-size: 12pt; font-family: helvetica,arial,sans-serif;\">Freundeskreis Bildender K\u00fcnstlerinnen und K\u00fcnstler Osnabr\u00fcck e. V.<\/span><\/strong><\/p>\n<p style=\"text-align: center;\">Hier k\u00f6nnen Sie die <a href=\"http:\/\/kunstfreunde-osnabrueck.de\/wp-content\/uploads\/2017\/04\/Beitrittserkl\u00e4rung.pdf\" target=\"_blank\">Beitrittserkl\u00e4rung <\/a>und das<br \/>\n<a href=\"http:\/\/kunstfreunde-osnabrueck.de\/wp-content\/uploads\/2017\/04\/SEPA-Lastschriftmandat.pdf\" target=\"_blank\">SEPA-Lastschriftmandat<\/a> herunterladen.<\/p>\n<p><span style=\"font-size: 12pt; font-family: helvetica,arial,sans-serif;\">\u00a0<\/span><\/td>\n<td><\/td>\n<\/tr>\n<\/tbody>\n<\/table>\n<p>&nbsp;<\/p>\n","protected":false},"excerpt":{"rendered":"<p>Freundeskreis Bildender K\u00fcnstlerinnen und K\u00fcnstler Osnabr\u00fcck e. V. Hier k\u00f6nnen Sie die Beitrittserkl\u00e4rung und das SEPA-Lastschriftmandat herunterladen. \u00a0 &nbsp;<\/p>\n","protected":false},"author":1,"featured_media":0,"parent":0,"menu_order":0,"comment_status":"closed","ping_status":"closed","template":"","meta":[],"_links":{"self":[{"href":"https:\/\/kunstfreunde-osnabrueck.de\/index.php?rest_route=\/wp\/v2\/pages\/8"}],"collection":[{"href":"https:\/\/kunstfreunde-osnabrueck.de\/index.php?rest_route=\/wp\/v2\/pages"}],"about":[{"href":"https:\/\/kunstfreunde-osnabrueck.de\/index.php?rest_route=\/wp\/v2\/types\/page"}],"author":[{"embeddable":true,"href":"https:\/\/kunstfreunde-osnabrueck.de\/index.php?rest_route=\/wp\/v2\/users\/1"}],"replies":[{"embeddable":true,"href":"https:\/\/kunstfreunde-osnabrueck.de\/index.php?rest_route=%2Fwp%2Fv2%2Fcomments&post=8"}],"version-history":[{"count":16,"href":"https:\/\/kunstfreunde-osnabrueck.de\/index.php?rest_route=\/wp\/v2\/pages\/8\/revisions"}],"predecessor-version":[{"id":180,"href":"https:\/\/kunstfreunde-osnabrueck.de\/index.php?rest_route=\/wp\/v2\/pages\/8\/revisions\/180"}],"wp:attachment":[{"href":"https:\/\/kunstfreunde-osnabrueck.de\/index.php?rest_route=%2Fwp%2Fv2%2Fmedia&parent=8"}],"curies":[{"name":"wp","href":"https:\/\/api.w.org\/{rel}","templated":true}]}}