{"id":4,"date":"2017-04-04T13:54:37","date_gmt":"2017-04-04T13:54:37","guid":{"rendered":"http:\/\/kunstfreunde-osnabrueck.de\/?page_id=4"},"modified":"2020-10-10T11:40:42","modified_gmt":"2020-10-10T11:40:42","slug":"wer-sind-wir","status":"publish","type":"page","link":"https:\/\/kunstfreunde-osnabrueck.de\/","title":{"rendered":"FBK"},"content":{"rendered":"<div class=\"entry-content\">\n<h3><strong>FBK<\/strong><\/h3>\n<\/div>\n<p><span style=\"font-size: 20pt;\"><span style=\"font-size: 48pt; font-family: helvetica, arial, sans-serif; color: #993300;\">\u2022<\/span><span style=\"font-size: 14pt; font-family: helvetica, arial, sans-serif;\"><span style=\"font-size: 12pt;\"><strong>Kunst und Kultur f\u00f6rdern<\/strong><\/span><span style=\"font-size: 48pt; color: #993300;\">\u2022<\/span><span style=\"font-size: 12pt;\"><strong>Aktionen unterst\u00fctzen<\/strong><\/span><span style=\"font-size: 48pt; color: #993300;\">\u2022<\/span><span style=\"font-size: 12pt;\"><strong>Menschen vernetzen<\/strong><\/span><span style=\"font-size: 48pt; color: #993300;\">\u2022<\/span><span style=\"font-size: 12pt;\"><strong>Mit K\u00fcnstlern kooperieren<\/strong><\/span><\/span><\/span><\/p>\n<div class=\"entry-content\">\n<p><span style=\"font-size: 12pt; font-family: helvetica,arial,sans-serif;\">Der Freundeskreis Bildender K\u00fcnstlerinnen und K\u00fcnstler Osnabr\u00fcck e. V. will vor Ort die Kunst- und Kulturszene mitgestalten und die bildenden K\u00fcnstlerinnen und K\u00fcnstler bei der Verwirklichung ihrer sozialen, kulturpolitischen und wirtschaftlichen Interessen gegen\u00fcber der Stadt, dem Land, dem Staat und der Gesellschaft unterst\u00fctzen.<\/span><\/p>\n<p><span style=\"font-size: 12pt; font-family: helvetica,arial,sans-serif;\">Wechselnde Pr\u00e4sentationen und Aktionen geben Einblick in Entwicklungen und das aktuelle Schaffen der K\u00fcnstlerinnen und K\u00fcnstler. Zahlreiche Kooperationen mit K\u00fcnstlern anderer Bezirke des \u201eBundes Bildender K\u00fcnstler\u201c aus ganz Deutschland und mit Institutionen f\u00f6rdern den offenen Diskurs um Positionen der Kunst in der heutigen Zeit.<\/span><\/p>\n<p><span style=\"font-size: 12pt; font-family: helvetica,arial,sans-serif;\">Interessieren Sie sich f\u00fcr zeitgen\u00f6ssische Kunst?<\/span><\/p>\n<p><span style=\"font-size: 12pt; font-family: helvetica,arial,sans-serif;\">Sie haben die M\u00f6glichkeit, die Kunstszene der Region intensiver und n\u00e4her zu verfolgen sowie \u00fcberregionale k\u00fcnstlerische Entwicklungen und Str\u00f6mungen zu f\u00f6rdern, indem Sie dem Freundeskreis Bildender K\u00fcnstlerinnen und K\u00fcnstler beitreten.<\/span><\/p>\n<p><span style=\"font-size: 12pt; font-family: helvetica,arial,sans-serif;\">Durch Ihren Beitrag unterst\u00fctzen Sie:<br \/>\n<\/span><\/p>\n<table>\n<tbody>\n<tr>\n<td><span style=\"font-size: 12pt; font-family: helvetica,arial,sans-serif;\">\u2013 aktuelle Kunstpr\u00e4sentationen im Kunstquartier, dem Standort des Bundes<br \/>\n<span style=\"color: #cccccc;\">Bi<\/span><\/span>B<span style=\"font-size: 12pt; font-family: helvetica,arial,sans-serif;\">ildender K\u00fcnstlerinnen und K\u00fcnstler in Osnabr\u00fcck, Bierstr. 33<\/span><br \/>\n<span style=\"font-size: 12pt; font-family: helvetica,arial,sans-serif;\"> \u2013 Projekte mit einzelnen K\u00fcnstlern<\/span><br \/>\n<span style=\"font-size: 12pt; font-family: helvetica,arial,sans-serif;\"> \u2013 Kooperationen mit ausl\u00e4ndischen K\u00fcnstlern (Artist in residence)<\/span><br \/>\n<span style=\"font-size: 12pt; font-family: helvetica,arial,sans-serif;\"> \u2013 Kooperationen mit Institutionen, z.B. der Kunsthalle Dominikanerkirche in Osnabr\u00fcck<\/span><br \/>\n<span style=\"font-size: 12pt; font-family: helvetica,arial,sans-serif;\"> \u2013 die Interessenvertretung der K\u00fcnstlerinnen und K\u00fcnstler in Osnabr\u00fcck<\/span><br \/>\n<span style=\"font-size: 12pt; font-family: helvetica,arial,sans-serif;\"> \u2013 Mitwirkung bei der Gestaltung der Kunstszene<\/span><br \/>\n<span style=\"font-size: 12pt; font-family: helvetica,arial,sans-serif;\"> \u2013 den Aufbau und die Pflege von Netzwerken im Bereich Kunst.<\/span><\/td>\n<\/tr>\n<\/tbody>\n<\/table>\n<p><span style=\"font-size: 12pt; font-family: helvetica,arial,sans-serif;\"><br \/>\nUm unsere Anliegen zu verwirklichen, bittet der Freundeskreis<br \/>\nBildender K\u00fcnstlerinnen und K\u00fcnstler Osnabr\u00fcck e. V. um Ihre Unterst\u00fctzung.<\/span><\/p>\n<\/div>\n","protected":false},"excerpt":{"rendered":"<p>FBK \u2022Kunst und Kultur f\u00f6rdern\u2022Aktionen unterst\u00fctzen\u2022Menschen vernetzen\u2022Mit K\u00fcnstlern kooperieren Der Freundeskreis Bildender K\u00fcnstlerinnen und K\u00fcnstler Osnabr\u00fcck e. V. will vor Ort die Kunst- und Kulturszene mitgestalten und die bildenden K\u00fcnstlerinnen und K\u00fcnstler bei der Verwirklichung ihrer sozialen, kulturpolitischen und wirtschaftlichen Interessen gegen\u00fcber der Stadt, dem Land, dem Staat und der Gesellschaft unterst\u00fctzen. Wechselnde Pr\u00e4sentationen und&hellip;<\/p>\n","protected":false},"author":1,"featured_media":0,"parent":0,"menu_order":0,"comment_status":"closed","ping_status":"closed","template":"","meta":[],"_links":{"self":[{"href":"https:\/\/kunstfreunde-osnabrueck.de\/index.php?rest_route=\/wp\/v2\/pages\/4"}],"collection":[{"href":"https:\/\/kunstfreunde-osnabrueck.de\/index.php?rest_route=\/wp\/v2\/pages"}],"about":[{"href":"https:\/\/kunstfreunde-osnabrueck.de\/index.php?rest_route=\/wp\/v2\/types\/page"}],"author":[{"embeddable":true,"href":"https:\/\/kunstfreunde-osnabrueck.de\/index.php?rest_route=\/wp\/v2\/users\/1"}],"replies":[{"embeddable":true,"href":"https:\/\/kunstfreunde-osnabrueck.de\/index.php?rest_route=%2Fwp%2Fv2%2Fcomments&post=4"}],"version-history":[{"count":23,"href":"https:\/\/kunstfreunde-osnabrueck.de\/index.php?rest_route=\/wp\/v2\/pages\/4\/revisions"}],"predecessor-version":[{"id":830,"href":"https:\/\/kunstfreunde-osnabrueck.de\/index.php?rest_route=\/wp\/v2\/pages\/4\/revisions\/830"}],"wp:attachment":[{"href":"https:\/\/kunstfreunde-osnabrueck.de\/index.php?rest_route=%2Fwp%2Fv2%2Fmedia&parent=4"}],"curies":[{"name":"wp","href":"https:\/\/api.w.org\/{rel}","templated":true}]}}