{"id":347,"date":"2018-06-05T14:23:17","date_gmt":"2018-06-05T14:23:17","guid":{"rendered":"http:\/\/kunstfreunde-osnabrueck.de\/?page_id=347"},"modified":"2018-06-05T14:27:40","modified_gmt":"2018-06-05T14:27:40","slug":"publikumspreis","status":"publish","type":"page","link":"https:\/\/kunstfreunde-osnabrueck.de\/?page_id=347","title":{"rendered":"Publikumspreis"},"content":{"rendered":"<p><strong><span style=\"font-family: helvetica, arial, sans-serif;\">Freundeskreis Bildender K\u00fcnstler (FBK) vergibt Publikumspreis<\/span><\/strong><\/p>\n<p>&nbsp;<\/p>\n<p><span style=\"font-family: helvetica, arial, sans-serif;\">In der Ausstellung \u201eDIN A4 \u2013 everything art\u201c im Kunst-Quartier an der Bierstr. 33 in Osnabr\u00fcck hat <\/span><br \/>\n<span style=\"font-family: helvetica, arial, sans-serif;\">der FBK einen mit 200.- Euro dotierten Publikumspreis vergeben! Die Ausstellung war international <\/span><br \/>\n<span style=\"font-family: helvetica, arial, sans-serif;\">als open call ausgeschrieben worden, mehr als 150 K\u00fcnstlerinnen und K\u00fcnstler hatten sich mit <\/span><br \/>\n<span style=\"font-family: helvetica, arial, sans-serif;\">mehr als 500 Arbeiten auf eine Teilnahme beworben. Eine Jury w\u00e4hlte rund 50 K\u00fcnstlerinnen und <\/span><br \/>\n<span style=\"font-family: helvetica, arial, sans-serif;\">K\u00fcnstler f\u00fcr die Ausstellung aus. W\u00e4hrend der gut vier-w\u00f6chigen Ausstellungen konnten die <\/span><br \/>\n<span style=\"font-family: helvetica, arial, sans-serif;\">Besucher mittels Stimmk\u00e4rtchen (nat\u00fcrlich in einem DIN-Format) den jeweiligen Favoriten w\u00e4hlen. <\/span><br \/>\n<span style=\"font-family: helvetica, arial, sans-serif;\">Es konnte f\u00fcr ein Einzelwerk oder Wergruppe eines K\u00fcnstlers gestimmt werden.<\/span><\/p>\n<p><span style=\"font-family: helvetica, arial, sans-serif;\">Mit 17,4% der abgegebenen Stimmen konnte die Hildesheimer K\u00fcnstlerin Ulrike Anna Schwarz mit <\/span><br \/>\n<span style=\"font-family: helvetica, arial, sans-serif;\">ihrem Werk \u201eBabel\u201c die meisten Stimmen vereinen.<\/span><\/p>\n<p><span style=\"font-family: helvetica, arial, sans-serif;\">Der Freundeskreis Bildender K\u00fcnstler hat es sich zur Aufgabe gemacht zeitgen\u00f6ssische Kunst im <\/span><br \/>\n<span style=\"font-family: helvetica, arial, sans-serif;\">Raum Osnabr\u00fcck zu f\u00f6rdern, sei es einmalig finanziell oder durch die Vermittlung von Experten.<\/span><\/p>\n<p><img loading=\"lazy\" class=\"alignnone size-full wp-image-350\" src=\"http:\/\/kunstfreunde-osnabrueck.de\/wp-content\/uploads\/2018\/06\/publikumspreis.jpg\" alt=\"\" width=\"797\" height=\"1417\" srcset=\"https:\/\/kunstfreunde-osnabrueck.de\/wp-content\/uploads\/2018\/06\/publikumspreis.jpg 797w, https:\/\/kunstfreunde-osnabrueck.de\/wp-content\/uploads\/2018\/06\/publikumspreis-169x300.jpg 169w, https:\/\/kunstfreunde-osnabrueck.de\/wp-content\/uploads\/2018\/06\/publikumspreis-768x1365.jpg 768w, https:\/\/kunstfreunde-osnabrueck.de\/wp-content\/uploads\/2018\/06\/publikumspreis-576x1024.jpg 576w\" sizes=\"(max-width: 797px) 100vw, 797px\" \/><\/p>\n<p><span style=\"font-size: 10pt; font-family: helvetica, arial, sans-serif;\">Abb: \u201eBabel\u201c, Ulrike Anna Schwarz, Foto: BBK Osnabr\u00fcck<\/span><\/p>\n","protected":false},"excerpt":{"rendered":"<p>Freundeskreis Bildender K\u00fcnstler (FBK) vergibt Publikumspreis &nbsp; In der Ausstellung \u201eDIN A4 \u2013 everything art\u201c im Kunst-Quartier an der Bierstr. 33 in Osnabr\u00fcck hat der FBK einen mit 200.- Euro dotierten Publikumspreis vergeben! Die Ausstellung war international als open call ausgeschrieben worden, mehr als 150 K\u00fcnstlerinnen und K\u00fcnstler hatten sich mit mehr als 500 Arbeiten&hellip;<\/p>\n","protected":false},"author":1,"featured_media":0,"parent":0,"menu_order":0,"comment_status":"closed","ping_status":"closed","template":"","meta":[],"_links":{"self":[{"href":"https:\/\/kunstfreunde-osnabrueck.de\/index.php?rest_route=\/wp\/v2\/pages\/347"}],"collection":[{"href":"https:\/\/kunstfreunde-osnabrueck.de\/index.php?rest_route=\/wp\/v2\/pages"}],"about":[{"href":"https:\/\/kunstfreunde-osnabrueck.de\/index.php?rest_route=\/wp\/v2\/types\/page"}],"author":[{"embeddable":true,"href":"https:\/\/kunstfreunde-osnabrueck.de\/index.php?rest_route=\/wp\/v2\/users\/1"}],"replies":[{"embeddable":true,"href":"https:\/\/kunstfreunde-osnabrueck.de\/index.php?rest_route=%2Fwp%2Fv2%2Fcomments&post=347"}],"version-history":[{"count":3,"href":"https:\/\/kunstfreunde-osnabrueck.de\/index.php?rest_route=\/wp\/v2\/pages\/347\/revisions"}],"predecessor-version":[{"id":351,"href":"https:\/\/kunstfreunde-osnabrueck.de\/index.php?rest_route=\/wp\/v2\/pages\/347\/revisions\/351"}],"wp:attachment":[{"href":"https:\/\/kunstfreunde-osnabrueck.de\/index.php?rest_route=%2Fwp%2Fv2%2Fmedia&parent=347"}],"curies":[{"name":"wp","href":"https:\/\/api.w.org\/{rel}","templated":true}]}}