{"id":20,"date":"2017-04-04T14:09:28","date_gmt":"2017-04-04T14:09:28","guid":{"rendered":"http:\/\/kunstfreunde-osnabrueck.de\/?page_id=20"},"modified":"2024-01-03T14:03:26","modified_gmt":"2024-01-03T14:03:26","slug":"impressum","status":"publish","type":"page","link":"https:\/\/kunstfreunde-osnabrueck.de\/?page_id=20","title":{"rendered":"IMPRESSUM"},"content":{"rendered":"<div class=\"entry-content\">\n<p><span style=\"font-size: 14pt;\"><strong><span style=\"font-family: helvetica,arial,sans-serif;\">Freundeskreis Bildender K\u00fcnstlerinnen und K\u00fcnstler Osnabr\u00fcck e. V.<br \/>\n<\/span><\/strong><\/span><br \/>\n<span style=\"font-size: 12pt; font-family: helvetica,arial,sans-serif;\"> Dipl. Finanzwirt\u00a0 Ernst Buermeyer, 1. Vorsitzender<\/span><br \/>\n<span style=\"font-size: 12pt; font-family: helvetica,arial,sans-serif;\"> Reinhold-Tiling-Weg 49<\/span><br \/>\n<span style=\"font-size: 12pt; font-family: helvetica,arial,sans-serif;\"> 49088 Osnabr\u00fcck<\/span><br \/>\n<span style=\"font-size: 12pt; font-family: helvetica,arial,sans-serif;\"> Tel.: 0541-187990<\/span><br \/>\n<span style=\"font-size: 12pt; font-family: helvetica,arial,sans-serif;\"> e-mail: <a title=\"\" href=\"mailto:ernst.buermeyer@t-online.de\" target=\"_blank\" rel=\"noopener\">ernst.buermeyer@t-online.de<\/a><\/span><br \/>\n<span style=\"font-size: 12pt;\"> <a href=\"http:\/\/www.kunstfreunde-osnabrueck.de\"><span style=\"font-family: helvetica,arial,sans-serif;\"> www.kunstfreunde-osnabrueck.de<\/span><\/a><\/span><\/p>\n<p><span style=\"font-size: 12pt; font-family: helvetica,arial,sans-serif;\">Verantwortlich f\u00fcr die Inhalte der Webseite<\/span><br \/>\n<span style=\"font-size: 12pt; font-family: helvetica,arial,sans-serif;\"> des Freundeskreis Bildender K\u00fcnstlerinnen und K\u00fcnstler Osnabr\u00fcck e. V.<\/span><br \/>\n<span style=\"font-size: 12pt; font-family: helvetica,arial,sans-serif;\"> im Sinne des Teledienstegesetzes<\/span><br \/>\n<span style=\"font-size: 12pt; font-family: helvetica,arial,sans-serif;\"> und redaktionelle Betreuung (V.i.S.d.P.)<\/span><\/p>\n<p><span style=\"font-size: 12pt; font-family: helvetica,arial,sans-serif;\">Aktualisierung: Januar 2024<br \/>\n<\/span><\/p>\n<p><span style=\"font-size: 12pt; font-family: helvetica,arial,sans-serif;\">Disclaimer:<\/span><\/p>\n<p><span style=\"font-size: 12pt; font-family: helvetica,arial,sans-serif;\">Der Freundeskreis Bildender K\u00fcnstlerinnen und K\u00fcnstler Osnabr\u00fcck e. V.<\/span><br \/>\n<span style=\"font-size: 12pt; font-family: helvetica,arial,sans-serif;\"> \u00fcbernimmt keine Haftung f\u00fcr die Inhalte externer Seiten.<\/span><br \/>\n<span style=\"font-size: 12pt; font-family: helvetica,arial,sans-serif;\"> F\u00fcr den Inhalt verlinkter externer Seiten sind ausschliesslich deren<\/span><br \/>\n<span style=\"font-size: 12pt; font-family: helvetica,arial,sans-serif;\"> Betreiber verantwortlich. Es wird keine Gew\u00e4hr \u00fcbernommen f\u00fcr den<\/span><br \/>\n<span style=\"font-size: 12pt; font-family: helvetica,arial,sans-serif;\"> jederzeit st\u00f6rungsfreien Zugang.<\/span><\/p>\n<p><span style=\"font-size: 12pt; font-family: helvetica,arial,sans-serif;\">Copyright :<\/span><br \/>\n<span style=\"font-size: 12pt; font-family: helvetica,arial,sans-serif;\"> \u00a9 2024 Der Freundeskreis Bildender K\u00fcnstlerinnen und K\u00fcnstler Osnabr\u00fcck e. V.<\/span><br \/>\n<span style=\"font-size: 12pt; font-family: helvetica,arial,sans-serif;\"> Alle Rechte vorbehalten.<\/span><br \/>\n<span style=\"font-size: 12pt; font-family: helvetica,arial,sans-serif;\"> Bilder und Grafiken, unterliegen dem Schutz des Urheberrechts.<\/span><br \/>\n<span style=\"font-size: 12pt; font-family: helvetica,arial,sans-serif;\"> Einige Seiten enthalten Bilder,<\/span><br \/>\n<span style=\"font-size: 12pt; font-family: helvetica,arial,sans-serif;\"> die dem Copyright des Tr\u00e4gers unterliegen.<\/span><\/p>\n<\/div>\n","protected":false},"excerpt":{"rendered":"<p>Freundeskreis Bildender K\u00fcnstlerinnen und K\u00fcnstler Osnabr\u00fcck e. V. Dipl. Finanzwirt\u00a0 Ernst Buermeyer, 1. Vorsitzender Reinhold-Tiling-Weg 49 49088 Osnabr\u00fcck Tel.: 0541-187990 e-mail: ernst.buermeyer@t-online.de www.kunstfreunde-osnabrueck.de Verantwortlich f\u00fcr die Inhalte der Webseite des Freundeskreis Bildender K\u00fcnstlerinnen und K\u00fcnstler Osnabr\u00fcck e. V. im Sinne des Teledienstegesetzes und redaktionelle Betreuung (V.i.S.d.P.) Aktualisierung: Januar 2024 Disclaimer: Der Freundeskreis Bildender K\u00fcnstlerinnen und&hellip;<\/p>\n","protected":false},"author":1,"featured_media":0,"parent":0,"menu_order":0,"comment_status":"closed","ping_status":"closed","template":"","meta":[],"_links":{"self":[{"href":"https:\/\/kunstfreunde-osnabrueck.de\/index.php?rest_route=\/wp\/v2\/pages\/20"}],"collection":[{"href":"https:\/\/kunstfreunde-osnabrueck.de\/index.php?rest_route=\/wp\/v2\/pages"}],"about":[{"href":"https:\/\/kunstfreunde-osnabrueck.de\/index.php?rest_route=\/wp\/v2\/types\/page"}],"author":[{"embeddable":true,"href":"https:\/\/kunstfreunde-osnabrueck.de\/index.php?rest_route=\/wp\/v2\/users\/1"}],"replies":[{"embeddable":true,"href":"https:\/\/kunstfreunde-osnabrueck.de\/index.php?rest_route=%2Fwp%2Fv2%2Fcomments&post=20"}],"version-history":[{"count":7,"href":"https:\/\/kunstfreunde-osnabrueck.de\/index.php?rest_route=\/wp\/v2\/pages\/20\/revisions"}],"predecessor-version":[{"id":1210,"href":"https:\/\/kunstfreunde-osnabrueck.de\/index.php?rest_route=\/wp\/v2\/pages\/20\/revisions\/1210"}],"wp:attachment":[{"href":"https:\/\/kunstfreunde-osnabrueck.de\/index.php?rest_route=%2Fwp%2Fv2%2Fmedia&parent=20"}],"curies":[{"name":"wp","href":"https:\/\/api.w.org\/{rel}","templated":true}]}}