{"id":133,"date":"2017-04-07T15:14:02","date_gmt":"2017-04-07T15:14:02","guid":{"rendered":"http:\/\/kunstfreunde-osnabrueck.de\/?page_id=133"},"modified":"2017-04-08T12:48:47","modified_gmt":"2017-04-08T12:48:47","slug":"ueber-uns","status":"publish","type":"page","link":"https:\/\/kunstfreunde-osnabrueck.de\/?page_id=133","title":{"rendered":"\u00dcBER UNS"},"content":{"rendered":"<h3 style=\"text-align: center;\"><span style=\"font-size: 14pt;\"><strong><span style=\"font-family: helvetica,arial,sans-serif;\">\u00dcber uns:<\/span><\/strong><\/span><br \/>\n<span style=\"font-size: 12pt; font-family: helvetica,arial,sans-serif;\">Der FBK wurde im Jahre 2006 von regionalen <\/span><br \/>\n<span style=\"font-size: 12pt; font-family: helvetica,arial,sans-serif;\"> K\u00fcnstlerinnen und\u00a0 K\u00fcnstlern und weiteren <\/span><br \/>\n<span style=\"font-size: 12pt; font-family: helvetica,arial,sans-serif;\"> Privatpersonen gegr\u00fcndet. Seitdem konnte der <\/span><br \/>\n<span style=\"font-size: 12pt; font-family: helvetica,arial,sans-serif;\"> Verein jedes Jahr zwei oder drei Ausstellungen bzw. <\/span><br \/>\n<span style=\"font-size: 12pt; font-family: helvetica,arial,sans-serif;\"> Projekte unterst\u00fctzen und hat dazu beigetragen, <\/span><br \/>\n<span style=\"font-size: 12pt; font-family: helvetica,arial,sans-serif;\"> aktuelle Kunst und Kultur in Osnabr\u00fcck zu zeigen.<\/span><\/h3>\n","protected":false},"excerpt":{"rendered":"<p>\u00dcber uns: Der FBK wurde im Jahre 2006 von regionalen K\u00fcnstlerinnen und\u00a0 K\u00fcnstlern und weiteren Privatpersonen gegr\u00fcndet. Seitdem konnte der Verein jedes Jahr zwei oder drei Ausstellungen bzw. Projekte unterst\u00fctzen und hat dazu beigetragen, aktuelle Kunst und Kultur in Osnabr\u00fcck zu zeigen.<\/p>\n","protected":false},"author":1,"featured_media":0,"parent":0,"menu_order":0,"comment_status":"closed","ping_status":"closed","template":"","meta":[],"_links":{"self":[{"href":"https:\/\/kunstfreunde-osnabrueck.de\/index.php?rest_route=\/wp\/v2\/pages\/133"}],"collection":[{"href":"https:\/\/kunstfreunde-osnabrueck.de\/index.php?rest_route=\/wp\/v2\/pages"}],"about":[{"href":"https:\/\/kunstfreunde-osnabrueck.de\/index.php?rest_route=\/wp\/v2\/types\/page"}],"author":[{"embeddable":true,"href":"https:\/\/kunstfreunde-osnabrueck.de\/index.php?rest_route=\/wp\/v2\/users\/1"}],"replies":[{"embeddable":true,"href":"https:\/\/kunstfreunde-osnabrueck.de\/index.php?rest_route=%2Fwp%2Fv2%2Fcomments&post=133"}],"version-history":[{"count":3,"href":"https:\/\/kunstfreunde-osnabrueck.de\/index.php?rest_route=\/wp\/v2\/pages\/133\/revisions"}],"predecessor-version":[{"id":167,"href":"https:\/\/kunstfreunde-osnabrueck.de\/index.php?rest_route=\/wp\/v2\/pages\/133\/revisions\/167"}],"wp:attachment":[{"href":"https:\/\/kunstfreunde-osnabrueck.de\/index.php?rest_route=%2Fwp%2Fv2%2Fmedia&parent=133"}],"curies":[{"name":"wp","href":"https:\/\/api.w.org\/{rel}","templated":true}]}}