{"id":130,"date":"2017-04-07T15:10:38","date_gmt":"2017-04-07T15:10:38","guid":{"rendered":"http:\/\/kunstfreunde-osnabrueck.de\/?page_id=130"},"modified":"2017-04-08T12:51:25","modified_gmt":"2017-04-08T12:51:25","slug":"unser-anliegen","status":"publish","type":"page","link":"https:\/\/kunstfreunde-osnabrueck.de\/?page_id=130","title":{"rendered":"UNSER ANLIEGEN"},"content":{"rendered":"<h5><span style=\"font-size: 14pt; font-family: helvetica,arial,sans-serif;\"><strong>Unser Anliegen:<\/strong><\/span><\/h5>\n<p>Kunst und Kultur in Osnabr\u00fcck f\u00f6rdern.<\/p>\n<p>Werke der bildenden Kunst und k\u00fcnstlerische Aktionen lassen unsere Herzen h\u00f6her schlagen.<br \/>\nDabei kommt es nicht nur auf das Produkt, das Kunstwerk oder die Performance an,<br \/>\nder Prozess der Kulturarbeit erweist sich als ebenso wichtig wie das Ergebnis.<\/p>\n<p>Kunst und Kultur unterliegen heute einem schnellen Wandel. Parallel zur Globalisierung vollzieht<br \/>\nsich eine innergesellschaftliche kulturelle Ver\u00e4nderung, die u. a. sichtbar wird in einer alles<br \/>\numfassenden Vernetzung. Kunst tritt dabei in sehr\u00a0 unterschiedlichen Formen undGattungen<br \/>\nauf und bietet \u2013 im Gegensatz zur g\u00e4ngigen Kultur- und Unterhaltungsindustrie \u2013<br \/>\neine Reflexionsebene, die sich durch ihre besonderen Perspektiven und Gestaltungen dem<br \/>\nBetrachter erschlie\u00dft.<\/p>\n<p>Kunst ist meist nicht von vornherein planbar. H\u00e4ufig sind es gerade jene Projekte, die einen<br \/>\nungeplanten bzw. nicht planbaren Verlauf nehmen, die sp\u00e4ter als besonders gelungen gelten.<br \/>\nDieser offene und kreative Prozess bedarf der sozialen und materiellen Unterst\u00fctzung.<\/p>\n<p>Viele Themen unserer sozialen Welt werden in der Routine des Alltags nicht sichtbar.<br \/>\nIm k\u00fcnstlerischen Werk und in der Inszenierung von Aktionen geht es darum, Spannungen,<br \/>\nEntwicklungen und Neues zu zeigen und damit auf zuk\u00fcnftige Entwicklungen<br \/>\naufmerksam zu machen.<\/p>\n<p>Der Freundeskreis will vor Ort die Kunst- und Kulturszene mitgestalten und die bildenden<br \/>\nK\u00fcnstlerinnen und K\u00fcnstler bei der Verwirklichung ihrer Vorhaben unterst\u00fctzen.<\/p>\n<p>Wechselnde Pr\u00e4sentationen und Aktionen geben Einblick in\u00a0 das aktuelle Schaffen der<br \/>\nK\u00fcnstlerinnen und K\u00fcnstler. Kooperationen mit K\u00fcnstlern anderer Bezirke des<br \/>\n\u201eBundes Bildender K\u00fcnstler\u201c aus ganz Deutschland und mit Institutionen f\u00f6rdern den<br \/>\noffenen Austausch um Positionen der Kunst in der heutigen Zeit.<\/p>\n<p>&nbsp;<\/p>\n","protected":false},"excerpt":{"rendered":"<p>Unser Anliegen: Kunst und Kultur in Osnabr\u00fcck f\u00f6rdern. Werke der bildenden Kunst und k\u00fcnstlerische Aktionen lassen unsere Herzen h\u00f6her schlagen. Dabei kommt es nicht nur auf das Produkt, das Kunstwerk oder die Performance an, der Prozess der Kulturarbeit erweist sich als ebenso wichtig wie das Ergebnis. Kunst und Kultur unterliegen heute einem schnellen Wandel. Parallel&hellip;<\/p>\n","protected":false},"author":1,"featured_media":0,"parent":0,"menu_order":0,"comment_status":"closed","ping_status":"closed","template":"","meta":[],"_links":{"self":[{"href":"https:\/\/kunstfreunde-osnabrueck.de\/index.php?rest_route=\/wp\/v2\/pages\/130"}],"collection":[{"href":"https:\/\/kunstfreunde-osnabrueck.de\/index.php?rest_route=\/wp\/v2\/pages"}],"about":[{"href":"https:\/\/kunstfreunde-osnabrueck.de\/index.php?rest_route=\/wp\/v2\/types\/page"}],"author":[{"embeddable":true,"href":"https:\/\/kunstfreunde-osnabrueck.de\/index.php?rest_route=\/wp\/v2\/users\/1"}],"replies":[{"embeddable":true,"href":"https:\/\/kunstfreunde-osnabrueck.de\/index.php?rest_route=%2Fwp%2Fv2%2Fcomments&post=130"}],"version-history":[{"count":7,"href":"https:\/\/kunstfreunde-osnabrueck.de\/index.php?rest_route=\/wp\/v2\/pages\/130\/revisions"}],"predecessor-version":[{"id":168,"href":"https:\/\/kunstfreunde-osnabrueck.de\/index.php?rest_route=\/wp\/v2\/pages\/130\/revisions\/168"}],"wp:attachment":[{"href":"https:\/\/kunstfreunde-osnabrueck.de\/index.php?rest_route=%2Fwp%2Fv2%2Fmedia&parent=130"}],"curies":[{"name":"wp","href":"https:\/\/api.w.org\/{rel}","templated":true}]}}